{"id":5393,"date":"2014-03-13T10:32:10","date_gmt":"2014-03-13T09:32:10","guid":{"rendered":"http:\/\/www.olejacobsen.dk\/?page_id=5393"},"modified":"2016-07-28T15:37:21","modified_gmt":"2016-07-28T13:37:21","slug":"miljoe","status":"publish","type":"page","link":"https:\/\/www.olejacobsen.dk\/index.php\/miljoe\/","title":{"rendered":"Avisindl\u00e6g"},"content":{"rendered":"<table border=\"0\" width=\"100%\" cellspacing=\"2\" cellpadding=\"2\" align=\"center\">\n<tbody>\n<tr>\n<td rowspan=\"2\" align=\"left\" valign=\"top\" width=\"35%\">&nbsp;<\/p>\n<p>Tegning af Hans Kristian Pedersen, Grindsted, i forbindelse med et indl\u00e6g p\u00e5 Sydenergis Intraside i 2014<a href=\"http:\/\/www.olejacobsen.dk\/wp-content\/uploads\/2014\/06\/oj_tegning.jpg\"><img loading=\"lazy\" decoding=\"async\" class=\"alignnone wp-image-5842\" src=\"http:\/\/www.olejacobsen.dk\/wp-content\/uploads\/2014\/06\/oj_tegning-600x530.jpg\" alt=\"oj_tegning\" width=\"281\" height=\"248\" srcset=\"https:\/\/www.olejacobsen.dk\/wp-content\/uploads\/2014\/06\/oj_tegning-600x530.jpg 600w, https:\/\/www.olejacobsen.dk\/wp-content\/uploads\/2014\/06\/oj_tegning-200x176.jpg 200w\" sizes=\"auto, (max-width: 281px) 100vw, 281px\" \/><\/a><\/td>\n<td colspan=\"3\" align=\"left\">\n<h3>At skrive er at leve&#8230;<\/h3>\n<\/td>\n<\/tr>\n<tr>\n<td colspan=\"4\">1965-1969 Kolding Folkeblad &#8211; referent i Vamdrup<\/p>\n<p>1965-1969 Jydske Tidende\u00a0&#8211; referent p\u00e5 sport i Vamdrup<\/p>\n<p>1965-1969 Aktuelt -referent om tysk fodbold<\/p>\n<p>1969 &#8211; utallige indl\u00e6g i forskellige aviser\/tidsskrifter\/netaviser.<\/td>\n<\/tr>\n<tr>\n<td colspan=\"4\">\n<table border=\"0\" width=\"600\" cellspacing=\"2\" cellpadding=\"2\" align=\"center\">\n<tbody>\n<tr>\n<td class=\"overskriftside333\" align=\"left\" valign=\"top\"><strong>Politiskole i S\u00f8nderborg<\/strong> &#8211; skrevet 3. november 2010 i Jydske Vestkysten<\/td>\n<\/tr>\n<tr>\n<td id=\"wrap222\" colspan=\"1\" align=\"left\">\n<div>\n<p><a><img decoding=\"async\" src=\"http:\/\/test.dkmink.com\/grafik\/nyhedsbilleder\/kanon011008.jpg\" width=\"100\" border=\"0\" \/><\/a><strong>5. november 2010 &#8211;\u00a0Mit m\u00e5ske mest udfordrende avisindl\u00e6g?<\/strong><\/p>\n<p><strong>Debatten k\u00f8rer endnu. Mange andre byer er st\u00e5et p\u00e5. Justitsminister S\u00f8ren Pind har stadig\u00a0sparket afg\u00f8relsen ud til hj\u00f8rnespark her ultimo juli 2016. Kan man ikke finde bolden?<\/strong><\/p>\n<p><strong>Her dukker politiskoletanken op for f\u00f8rste gang i DK, s\u00e5 vidt jeg ved!?<\/strong><\/p>\n<p><em><strong>Politiskoleafdeling til S\u00f8nderborg nu!<\/strong><\/em><\/p>\n<p>Lederen i Jydske Vestkysten tirsdag den 2. november viste i h\u00f8j grad, at der er brug for nyt\u00e6nkning og handling i forbindelse med det stigende antal tyverier og indbrud i Syd- og S\u00f8nderjylland. Borgerne har et krav p\u00e5 politisk handling s\u00e5 hurtigt som muligt for at styrke trygheden generelt og de s\u00e6rligt ramte omr\u00e5der i s\u00e6rdeleshed.<br \/>\nHvilke muligheder er der? Ja, andre EU-lande har et politisystem, hvor milit\u00e6ret er samarbejdspartner i det daglige rutinearbejde. Det ligger ikke umiddelbart til den danske tradition og handlem\u00e5de! Hvad s\u00e5? En placering af en Politiskoleafdeling decentralt i S\u00f8nderborg!<br \/>\nHvad gjorde nordm\u00e6ndene i Nordnorge, da den kolde krig gav al for megen spionfokus p\u00e5 Nato-lufthavnen i Bod\u00f8 og U 2 \u2013 flyvningerne?<br \/>\nDe placerede en politiskoleafdeling af Oslo-Politiskolen i Bod\u00f8 for at markere tilstedev\u00e6relse og mobile vagtsystemer ved Norges \u201dbagd\u00f8r\u201d.<br \/>\nNu er Danmark i en situation, hvor den \u00e5bne gr\u00e6nse til Tyskland kr\u00e6ver et nyt initiativ med perspektiver, der kan bringe kriminaliteten ned.<br \/>\nHvor skolen skal ligge i S\u00f8nderborg, beh\u00f8ver man sikkert ikke sp\u00f8rge om to gange med den energi og gejst til udvikling, der er i kommunen!<\/p>\n<\/div>\n<\/td>\n<\/tr>\n<\/tbody>\n<\/table>\n<\/td>\n<\/tr>\n<tr>\n<td colspan=\"4\">\u00a0Har du lyst til at l\u00e6se flere indl\u00e6g, s\u00e5 m\u00e5 du google mig. Der ligger utroligt mange tilbage i tiden.<\/p>\n<p>Emnerne? Alt, hvad der t\u00e6nder mine tanker p\u00e5 alle tider af d\u00f8gnet.<\/p>\n<p>God l\u00e6selyst.<\/p>\n<p>&nbsp;<\/p>\n<p>&nbsp;<\/td>\n<\/tr>\n<tr>\n<td colspan=\"3\" valign=\"middle\" width=\"80%\">.<\/td>\n<\/tr>\n<\/tbody>\n<\/table>\n<p>&nbsp;<\/p>\n","protected":false},"excerpt":{"rendered":"<p>&nbsp; Tegning af Hans Kristian Pedersen, Grindsted, i forbindelse med et indl\u00e6g p\u00e5 Sydenergis Intraside i 2014 At skrive er at leve&#8230; 1965-1969 Kolding Folkeblad [&#8230;]<\/p>\n","protected":false},"author":1,"featured_media":0,"parent":0,"menu_order":0,"comment_status":"open","ping_status":"open","template":"","meta":{"footnotes":""},"class_list":["post-5393","page","type-page","status-publish","hentry"],"_links":{"self":[{"href":"https:\/\/www.olejacobsen.dk\/index.php\/wp-json\/wp\/v2\/pages\/5393","targetHints":{"allow":["GET"]}}],"collection":[{"href":"https:\/\/www.olejacobsen.dk\/index.php\/wp-json\/wp\/v2\/pages"}],"about":[{"href":"https:\/\/www.olejacobsen.dk\/index.php\/wp-json\/wp\/v2\/types\/page"}],"author":[{"embeddable":true,"href":"https:\/\/www.olejacobsen.dk\/index.php\/wp-json\/wp\/v2\/users\/1"}],"replies":[{"embeddable":true,"href":"https:\/\/www.olejacobsen.dk\/index.php\/wp-json\/wp\/v2\/comments?post=5393"}],"version-history":[{"count":5,"href":"https:\/\/www.olejacobsen.dk\/index.php\/wp-json\/wp\/v2\/pages\/5393\/revisions"}],"predecessor-version":[{"id":9788,"href":"https:\/\/www.olejacobsen.dk\/index.php\/wp-json\/wp\/v2\/pages\/5393\/revisions\/9788"}],"wp:attachment":[{"href":"https:\/\/www.olejacobsen.dk\/index.php\/wp-json\/wp\/v2\/media?parent=5393"}],"curies":[{"name":"wp","href":"https:\/\/api.w.org\/{rel}","templated":true}]}}