{"id":5389,"date":"2014-03-13T10:31:22","date_gmt":"2014-03-13T09:31:22","guid":{"rendered":"http:\/\/www.olejacobsen.dk\/?page_id=5389"},"modified":"2019-05-18T09:29:08","modified_gmt":"2019-05-18T07:29:08","slug":"uddannelse","status":"publish","type":"page","link":"https:\/\/www.olejacobsen.dk\/index.php\/uddannelse\/","title":{"rendered":"Foto-Video-Musik-IT"},"content":{"rendered":"\n<p>&nbsp;<\/p>\n<p>&nbsp;<\/p>\n<p><img loading=\"lazy\" decoding=\"async\" src=\"http:\/\/www.olejacobsen.dk\/wp-content\/uploads\/2016\/07\/image-28-600x600.jpeg\" alt=\"image\" width=\"600\" height=\"600\"\/><\/p>\n<p>Prima-appen giver mange muligheder for at lege med billeder.<\/p>\n<p>&nbsp;<\/p>\n<table border=\"0\" width=\"100%\" cellspacing=\"2\" cellpadding=\"2\" align=\"center\">\n<tbody>\n<tr>\n<td rowspan=\"2\" align=\"left\" valign=\"top\" width=\"35%\">&nbsp;<a href=\"http:\/\/www.olejacobsen.dk\/wp-content\/uploads\/2016\/07\/13844213_10209966170528449_1891010788_o.jpg\"><img loading=\"lazy\" decoding=\"async\" src=\"http:\/\/www.olejacobsen.dk\/wp-content\/uploads\/2016\/07\/13844213_10209966170528449_1891010788_o-600x349.jpg\" alt=\"13844213_10209966170528449_1891010788_o\" width=\"600\" height=\"349\"\/><\/a><\/td>\n<td colspan=\"3\" align=\"left\"><\/td>\n<\/tr>\n<tr>\n<td colspan=\"4\"><\/td>\n<\/tr>\n<tr>\n<td colspan=\"4\">&nbsp;<a href=\"http:\/\/www.olejacobsen.dk\/wp-content\/uploads\/2016\/07\/image-5.jpeg\"><img loading=\"lazy\" decoding=\"async\" src=\"http:\/\/www.olejacobsen.dk\/wp-content\/uploads\/2016\/07\/image-5-600x387.jpeg\" alt=\"image\" width=\"600\" height=\"387\"\/><\/a><\/td>\n<\/tr>\n<tr>\n<td colspan=\"4\">Billeder, videoer og musik giver sammen med b\u00f8ger et fantastisk livsindhold i det daglige. Nettets betydning har f\u00e5et mine muligheder til at eksplodere i alle retninger. Impulserne st\u00e5r n\u00e6rmest i k\u00f8.\n<p>Over 40000 billeder venter p\u00e5 en k\u00e6rlig h\u00e5nd. Et langt l\u00e6rerliv har bragt mange billeder mv.<\/p>\n<p>Musikken sp\u00e6nder over gamle LP\u00b4er &#8211; kasetteb\u00e5nd &#8211; DVD\u00b4er &#8211; og lydfiler. Noget for arvingerne at tage fat p\u00e5?<\/p>\n<p>Masser af videoer med uforglemmelige stunder osv. osv.<\/p>\n<p><a href=\"http:\/\/www.olejacobsen.dk\/wp-content\/uploads\/2016\/04\/image-15.jpeg\"><img loading=\"lazy\" decoding=\"async\" src=\"http:\/\/www.olejacobsen.dk\/wp-content\/uploads\/2016\/04\/image-15-600x400.jpeg\" alt=\"image\" width=\"600\" height=\"400\"\/><\/a><\/p>\n<p>&nbsp;<\/p>\n<p>&nbsp;<\/p>\n<p>&nbsp;<\/p>\n&nbsp;<\/td>\n<\/tr>\n<tr>\n<td colspan=\"3\" valign=\"middle\" width=\"80%\"><\/td>\n<\/tr>\n<\/tbody>\n<\/table>\n<p>&nbsp;<\/p>\n","protected":false},"excerpt":{"rendered":"","protected":false},"author":1,"featured_media":0,"parent":0,"menu_order":0,"comment_status":"open","ping_status":"open","template":"","meta":{"footnotes":""},"class_list":["post-5389","page","type-page","status-publish","hentry"],"_links":{"self":[{"href":"https:\/\/www.olejacobsen.dk\/index.php\/wp-json\/wp\/v2\/pages\/5389","targetHints":{"allow":["GET"]}}],"collection":[{"href":"https:\/\/www.olejacobsen.dk\/index.php\/wp-json\/wp\/v2\/pages"}],"about":[{"href":"https:\/\/www.olejacobsen.dk\/index.php\/wp-json\/wp\/v2\/types\/page"}],"author":[{"embeddable":true,"href":"https:\/\/www.olejacobsen.dk\/index.php\/wp-json\/wp\/v2\/users\/1"}],"replies":[{"embeddable":true,"href":"https:\/\/www.olejacobsen.dk\/index.php\/wp-json\/wp\/v2\/comments?post=5389"}],"version-history":[{"count":4,"href":"https:\/\/www.olejacobsen.dk\/index.php\/wp-json\/wp\/v2\/pages\/5389\/revisions"}],"predecessor-version":[{"id":11682,"href":"https:\/\/www.olejacobsen.dk\/index.php\/wp-json\/wp\/v2\/pages\/5389\/revisions\/11682"}],"wp:attachment":[{"href":"https:\/\/www.olejacobsen.dk\/index.php\/wp-json\/wp\/v2\/media?parent=5389"}],"curies":[{"name":"wp","href":"https:\/\/api.w.org\/{rel}","templated":true}]}}