{"id":5387,"date":"2014-03-13T10:30:48","date_gmt":"2014-03-13T09:30:48","guid":{"rendered":"http:\/\/www.olejacobsen.dk\/?page_id=5387"},"modified":"2016-07-28T12:51:22","modified_gmt":"2016-07-28T10:51:22","slug":"erhverv","status":"publish","type":"page","link":"https:\/\/www.olejacobsen.dk\/index.php\/erhverv\/","title":{"rendered":"Nationalparkr\u00e5det og FLAG Vestjylland"},"content":{"rendered":"<table border=\"0\" width=\"100%\" cellspacing=\"2\" cellpadding=\"2\" align=\"center\">\n<tbody>\n<tr>\n<td rowspan=\"2\" align=\"left\" valign=\"top\" width=\"35%\"><a href=\"http:\/\/www.olejacobsen.dk\/wp-content\/uploads\/2016\/06\/image-27.jpeg\"><img loading=\"lazy\" decoding=\"async\" class=\"alignnone wp-image-9638\" src=\"http:\/\/www.olejacobsen.dk\/wp-content\/uploads\/2016\/06\/image-27-600x450.jpeg\" alt=\"image\" width=\"305\" height=\"229\" srcset=\"https:\/\/www.olejacobsen.dk\/wp-content\/uploads\/2016\/06\/image-27-600x450.jpeg 600w, https:\/\/www.olejacobsen.dk\/wp-content\/uploads\/2016\/06\/image-27-200x150.jpeg 200w, https:\/\/www.olejacobsen.dk\/wp-content\/uploads\/2016\/06\/image-27-768x576.jpeg 768w, https:\/\/www.olejacobsen.dk\/wp-content\/uploads\/2016\/06\/image-27.jpeg 2048w\" sizes=\"auto, (max-width: 305px) 100vw, 305px\" \/><\/a><\/td>\n<td colspan=\"3\" align=\"left\">\n<h3><strong>Nationalparkr\u00e5det under Nationalpark Vadehavet.<\/strong><\/h3>\n<\/td>\n<\/tr>\n<tr>\n<td colspan=\"4\">Jeg er indvalgt i Nationalparkr\u00e5det via min post i Fiskeri -LAG Vestjylland. Indvalgt marts 2016.<\/td>\n<\/tr>\n<tr>\n<td colspan=\"4\">\n<div class=\"_cgc\" data-hveid=\"127\" data-ved=\"0ahUKEwj6j7aS95XOAhWmYZoKHXVRCH4QziAIfygAMA4\">\n<div class=\"r-i6vf_Wkbctwc\">\n<div class=\"kno-rdesc r-iExW0KpSV6JM\"><strong>Nationalpark Vadehavet<\/strong> blev udpeget den 17. januar 2008. Parken blev indviet den 16. oktober 2010 i Ribe af Hans Kongelige H\u00f8jhed Prins Joachim og milj\u00f8minister Karen Ellemann. <a class=\"fl q _KCd _tWc\" href=\"http:\/\/da.wikipedia.org\/wiki\/Nationalpark_Vadehavet\" data-ved=\"0ahUKEwj6j7aS95XOAhWmYZoKHXVRCH4QmhMIgAEwDg\"><span style=\"color: #1a0dab;\">Wikipedia<\/span><\/a><\/div>\n<\/div>\n<\/div>\n<p><!--n--><\/p>\n<div class=\"mod\" data-ved=\"0ahUKEwj6j7aS95XOAhWmYZoKHXVRCH4QkCkIgQEoAjAP\" data-md=\"30\"><span style=\"color: #1a0dab;\"><!--m--><!--n--><\/span><\/div>\n<div class=\"mod\" data-ved=\"0ahUKEwj6j7aS95XOAhWmYZoKHXVRCH4QkCkIggEoAzAQ\" data-md=\"1002\">\n<p><!--m--><\/p>\n<div class=\"_eFb\">\n<div class=\"_mr kno-fb-ctx\" data-ved=\"0ahUKEwj6j7aS95XOAhWmYZoKHXVRCH4QghwIgwEoADAQ\" data-dtype=\"d3adr\"><span class=\"_xdb\"><a class=\"fl\" href=\"https:\/\/www.google.dk\/search?biw=1280&amp;bih=583&amp;q=nationalpark+vadehavet+adresse&amp;stick=H4sIAAAAAAAAAOPgE-LSz9U3sCyqqCwy1JLNTrbSz8lPTizJzM-DM6wSU1KKUouLAYN4ysotAAAA&amp;sa=X&amp;ved=0ahUKEwj6j7aS95XOAhWmYZoKHXVRCH4Q6BMIhAEwEA\" data-ved=\"0ahUKEwj6j7aS95XOAhWmYZoKHXVRCH4Q6BMIhAEwEA\"><span style=\"color: #1a0dab;\">Adresse<\/span><\/a>: <\/span><span class=\"_Xbe\">Havnebyvej 30, 6792 R\u00f8m\u00f8<\/span><\/div>\n<\/div>\n<p><!--n--><\/p>\n<\/div>\n<div class=\"mod\" data-ved=\"0ahUKEwj6j7aS95XOAhWmYZoKHXVRCH4QkCkIhQEoBDAR\" data-md=\"1001\">\n<p><!--m--><\/p>\n<div class=\"_eFb\">\n<div class=\"_mr kno-fb-ctx\" data-ved=\"0ahUKEwj6j7aS95XOAhWmYZoKHXVRCH4QyxMIhgEoADAR\"><span class=\"_xdb\"><a class=\"fl\" href=\"https:\/\/www.google.dk\/search?biw=1280&amp;bih=583&amp;q=nationalpark+vadehavet+areal&amp;stick=H4sIAAAAAAAAAOPgE-LSz9U3sCyqqCwy1JLKTrbSz8lPTizJzM-DM6wSi1ITASWxEZYqAAAA&amp;sa=X&amp;ved=0ahUKEwj6j7aS95XOAhWmYZoKHXVRCH4Q6BMIhwEoADAR\" data-ved=\"0ahUKEwj6j7aS95XOAhWmYZoKHXVRCH4Q6BMIhwEoADAR\"><span style=\"color: #1a0dab;\">Areal<\/span><\/a>: <\/span><span class=\"_Xbe kno-fv\">1.466\u00a0km\u00b2<\/span><\/div>\n<\/div>\n<p><!--n--><\/p>\n<\/div>\n<div class=\"mod\" data-ved=\"0ahUKEwj6j7aS95XOAhWmYZoKHXVRCH4QkCkIiAEoBTAS\" data-md=\"1006\">\n<p><!--m--><\/p>\n<div class=\"_eFb\">\n<div class=\"_mr kno-fb-ctx\" data-ved=\"0ahUKEwj6j7aS95XOAhWmYZoKHXVRCH4Q8I0BCIkBKAAwEg\" data-dtype=\"d3ph\"><span class=\"_xdb\"><a class=\"fl\" href=\"https:\/\/www.google.dk\/search?biw=1280&amp;bih=583&amp;q=nationalpark+vadehavet+telefon&amp;stick=H4sIAAAAAAAAAOPgE-LSz9U3sCyqqCwy1NLPTrbST87PyUlNLsnMz9PPzssvz0lNSU-NL0jMS80p1s9ILI4vyMjPS7UCkwCgJktAPwAAAA&amp;sa=X&amp;ved=0ahUKEwj6j7aS95XOAhWmYZoKHXVRCH4Q6BMIigEwEg\" data-ved=\"0ahUKEwj6j7aS95XOAhWmYZoKHXVRCH4Q6BMIigEwEg\"><span style=\"color: #1a0dab;\">Telefon<\/span><\/a>: <\/span><span class=\"_Xbe _ZWk kno-fv\"><a class=\"fl r-im0seOzv3c5E\" title=\"Ring via Hangouts\" data-ved=\"0ahUKEwj6j7aS95XOAhWmYZoKHXVRCH4QkAgIiwEwEg\" data-pstn-out-call-url=\"\" data-number=\"+4572543634\" data-rtid=\"im0seOzv3c5E\"><span style=\"color: #1a0dab;\">72 54 36 34<\/span><\/a><\/span><\/div>\n<\/div>\n<\/div>\n<p><strong>Vision<\/strong>: &#8220;Nationalpark Vadehavet er internationalt kendt som et enest\u00e5ende marsk-, geest- og tidevandsomr\u00e5de med v\u00e6rdier i verdensklasse. Nationalparken benyttes, beskyttes og udvikles i et b\u00e6redygtigt samspil mellem natur og mennesker&#8221;.<\/td>\n<\/tr>\n<tr>\n<td colspan=\"4\"><strong>Nationalpark Vadehavet har til form\u00e5l<\/strong>:<\/p>\n<ul>\n<li>at bevare, styrke og udvikle naturen, dens mangfoldighed, sammenh\u00e6ng og dynamik, is\u00e6r for de internationalt betydningsfulde lavvandede havomr\u00e5der, vadeflader, marskenge og \u00f8vrige kystn\u00e6re naturarealer<\/li>\n<li>at bevare og styrke de landskabelige og geologiske v\u00e6rdier i det unikke vadehavslandskab<\/li>\n<li>at bevare og styrke nationalparkens kulturhistoriske v\u00e6rdier<\/li>\n<li>at styrke mulighederne for s\u00e6rlige naturoplevelser, kulturhistoriske oplevelser og friluftsliv i vadehavslandskabet<\/li>\n<li>at styrke forskning, undervisning, naturvejledning og formidling af vadehavslandskabets v\u00e6rdier<\/li>\n<li>at underst\u00f8tte en udvikling til gavn for lokalsamfundet, herunder erhvervslivet, med respekt for beskyttelsesinteresserne, og s\u00e5ledes at der fortsat kan drives og udvikles landbrug og fiskeri.<\/li>\n<li>at bidrage til en koordineret udvikling af det dansk-tysk-nederlandske vadehavsomr\u00e5de<\/li>\n<\/ul>\n<p><strong>Nationalpark Vadehavet<\/strong> er udpeget af milj\u00f8ministeren jf. Lov om nationalparker,\u00a0og form\u00e5let med Nationalpark Vadehavet er\u00a0fastsat i Bekendtg\u00f8relse om Nationalpark Vadehavet.<\/td>\n<\/tr>\n<tr>\n<td colspan=\"3\" valign=\"middle\" width=\"80%\"><strong>\u00a0_________________________________________________________________________________________<\/strong><\/p>\n<p><strong>FLAG &#8211; VESTJYLLAND:<a href=\"http:\/\/www.olejacobsen.dk\/wp-content\/uploads\/2016\/07\/image.jpeg\"><img loading=\"lazy\" decoding=\"async\" class=\"alignnone wp-image-9641\" src=\"http:\/\/www.olejacobsen.dk\/wp-content\/uploads\/2016\/07\/image-600x600.jpeg\" alt=\"image\" width=\"182\" height=\"182\" srcset=\"https:\/\/www.olejacobsen.dk\/wp-content\/uploads\/2016\/07\/image-600x600.jpeg 600w, https:\/\/www.olejacobsen.dk\/wp-content\/uploads\/2016\/07\/image-125x125.jpeg 125w, https:\/\/www.olejacobsen.dk\/wp-content\/uploads\/2016\/07\/image-200x200.jpeg 200w, https:\/\/www.olejacobsen.dk\/wp-content\/uploads\/2016\/07\/image-768x768.jpeg 768w\" sizes=\"auto, (max-width: 182px) 100vw, 182px\" \/><\/a><a href=\"http:\/\/www.olejacobsen.dk\/wp-content\/uploads\/2016\/07\/vind.jpg\"><img loading=\"lazy\" decoding=\"async\" class=\"alignnone wp-image-9735\" src=\"http:\/\/www.olejacobsen.dk\/wp-content\/uploads\/2016\/07\/vind-584x600.jpg\" alt=\"vind\" width=\"178\" height=\"183\" srcset=\"https:\/\/www.olejacobsen.dk\/wp-content\/uploads\/2016\/07\/vind-584x600.jpg 584w, https:\/\/www.olejacobsen.dk\/wp-content\/uploads\/2016\/07\/vind-195x200.jpg 195w, https:\/\/www.olejacobsen.dk\/wp-content\/uploads\/2016\/07\/vind-768x788.jpg 768w, https:\/\/www.olejacobsen.dk\/wp-content\/uploads\/2016\/07\/vind.jpg 1995w\" sizes=\"auto, (max-width: 178px) 100vw, 178px\" \/><\/a><\/strong><\/p>\n<p>Jeg har siddet i FLAG-arbejdet som regionsr\u00e5dsmedlem. Nu sidder jeg der som privatperson &#8211;\u00a0if\u00f8lge vedt\u00e6gterne &#8211;\u00a0med s\u00e6rlig interesse og kreativ\u00a0viden p\u00e5 omr\u00e5det.<\/p>\n<p><span class=\" mobile-undersized-upper\">FLAG Vestjylland er en lokal aktionsgruppe, som er etableret under hav- og fiskeriudviklingsprogrammet. FLAG Vestjylland d\u00e6kker Esbjerg, Ringk\u00f8bing-Skjern, Holstebro og Lemvig Kommuner.<\/span><\/p>\n<div class=\"row\">\n<div class=\"extra\">\n<div class=\"component \">\n<div class=\"self mobile-leaf text textnormal mobile-undersized-upper\">\n<div>\n<p><span class=\" mobile-undersized-upper\">VESTviden (Flemming Jensen)\u00a0er antaget som koordinator for FLAG Vestjylland, og indtil foreningen har egen hjemmeside p\u00e5 plads, kan du finde de mest n\u00f8dvendige oplysninger her p\u00e5 siden.<\/span><\/p>\n<p><span class=\" mobile-undersized-upper\">\u00a0<\/span><span class=\" mobile-undersized-upper\">Har du lyst til at l\u00e6se mere om FLAG og LAG programmerne, kan oplysningerne findes p\u00e5 hjemmesiden Liv og Land, som du kan g\u00e5 til via <\/span><span class=\" mobile-undersized-upper\"><a class=\"textlink link1\" href=\"http:\/\/www.livogland.dk\/\"><u><span style=\"color: #008080;\">dette link<\/span><\/u><\/a><\/span><span class=\" mobile-undersized-upper\">.<\/span><\/p>\n<p><span class=\" mobile-undersized-upper\">\u00a0<\/span><\/p>\n<p><span class=\" mobile-undersized-upper\">Det konkrete grundlag for foreningen kan ses i foreningens vedt\u00e6gter, som kan ses via <\/span><span class=\" mobile-undersized-upper\"><a class=\"textlink link1\" href=\"http:\/\/vestviden.dk\/onewebmedia\/Vedt%C3%A6gt%2C%20endelig%2C%20revideret.pdf\"><u><span style=\"color: #008080;\">linket her.<\/span><\/u><\/a><\/span><\/p>\n<p><span class=\" mobile-undersized-upper\"><a class=\"textlink link1\" href=\"http:\/\/vestviden.dk\/onewebmedia\/Vedt%C3%A6gt%2C%20endelig%2C%20revideret.pdf\"><u><span style=\"color: #008080;\">\u00a0<\/span><\/u><\/a><\/span><\/p>\n<p><span class=\" mobile-undersized-upper\">Man er altid velkommen til at kontakte VESTviden, hvis man \u00f8nsker information om FLAG og st\u00f8ttemulighederne her.<\/span><\/p>\n<p><strong>ANS\u00d8GNING TIL FLAG<\/strong>:<\/p>\n<\/div>\n<p>N\u00e6ste ans\u00f8gningsfrist l\u00f8ber til 30. september 2016<\/p>\n<\/div>\n<\/div>\n<\/div>\n<\/div>\n<div class=\"col\">\n<div class=\"extra\">\n<div class=\"component \">\n<div class=\"self mobile-leaf text textnormal mobile-undersized-upper\">\n<p>&nbsp;<\/p>\n<p><span class=\" mobile-undersized-upper\">Praktiske forhold ved ans\u00f8gning<\/span><span class=\" mobile-undersized-upper\">.<\/span><\/p>\n<ul>\n<li class=\" mobile-undersized-upper\" data-index=\"128\" data-length=\"187\"><span class=\" mobile-undersized-upper\">G\u00e5r du i tanker om at s\u00f8ge st\u00f8tte til et projekt, b\u00f8r du kontakte koordinator f\u00f8rst, s\u00e5 du ikke risikerer at bruge tid p\u00e5 un\u00f8dige ting, og for at sikre, at du f\u00e5r de n\u00f8dvendige ting med.<\/span><\/li>\n<li class=\" mobile-undersized-upper\" data-index=\"315\" data-length=\"126\"><span class=\" mobile-undersized-upper\">Du skal sikre, at dit projekt kan falde ind under udviklingsstrategien for FLAG Vestjylland. Den kan du finde via <\/span><span class=\" mobile-undersized-upper\"><a class=\"textlink link1\" href=\"http:\/\/vestviden.dk\/onewebmedia\/FLAG%20Vestjylland%2C%20udviklingsstrategi.pdf\"><u><span style=\"color: #008080;\">dette link.<\/span><\/u><\/a>\u00a0(h\u00f8jreklik med musen og hent!)<\/span><\/li>\n<li class=\" mobile-undersized-upper\" data-index=\"441\" data-length=\"86\"><span class=\" mobile-undersized-upper\">Ans\u00f8gere skal anvende et elektronisk ans\u00f8gningsskema. Skemaet findes <\/span><span class=\" mobile-undersized-upper\"><a class=\"textlink link1\" href=\"http:\/\/promis.erst.dk\/flag\/\"><u><span style=\"color: #008080;\">via linket her<\/span><\/u><\/a><\/span><span class=\" mobile-undersized-upper\">. (h\u00f8jreklik med musen!)<\/span><\/li>\n<\/ul>\n<p><span class=\" mobile-undersized-upper\">\u00a0<\/span><span class=\" mobile-undersized-upper\">Kort vejledning<\/span><span class=\" mobile-undersized-upper\">.<\/span><\/p>\n<ul>\n<li class=\" mobile-undersized-upper\" data-index=\"545\" data-length=\"107\"><span class=\" mobile-undersized-upper\">Via dette link kan du i meget kort form l\u00e6se lidt om mulighederne for ans\u00f8gning. <\/span><span class=\" mobile-undersized-upper\"><a class=\"textlink link1\" href=\"http:\/\/vestviden.dk\/onewebmedia\/PIXI.pdf\"><u><span style=\"color: #008080;\">Link til kort vejledning<\/span><\/u><\/a><\/span><span class=\" mobile-undersized-upper\">. (h\u00f8jreklik med musen p\u00e5 linket!)<\/span><\/li>\n<\/ul>\n<p><span class=\" mobile-undersized-upper\">\u00a0<\/span><span class=\" mobile-undersized-upper\">Har du sp\u00f8rgsm\u00e5l vedr. ans\u00f8gning eller andet &#8211; ring blot:<\/span><\/p>\n<p>FLEMMING JENSEN<\/p>\n<p>Teglg\u00e5rdsvej 2 B, th, 7620 Lemvig<\/p>\n<p>Tlf. 30538380<\/p>\n<p>e-mail: <strong>vestviden@vestviden.dk<\/strong><\/p>\n<h1><span class=\"textheading1\" style=\"color: #c2c2c2; font-family: 'Comic Sans MS',cursive; font-size: 20px; font-style: italic; font-weight: bold; text-shadow: 1px 1px 1px 0.01px rgba(128,128,128,1);\">\u00a0<\/span><\/h1>\n<h1><span style=\"color: #2c2b2b; font-family: Arial;\">\u00a0<\/span><\/h1>\n<p><span class=\" mobile-undersized-upper\">\u00a0<\/span><\/p>\n<p><span class=\" mobile-undersized-upper\">\u00a0<\/span><\/p>\n<p><span class=\" mobile-undersized-upper\">\u00a0<\/span><\/p>\n<p><span class=\" mobile-undersized-upper\">\u00a0<\/span><\/p>\n<p><span class=\" mobile-undersized-upper\">\u00a0<\/span><\/p>\n<p><span class=\" mobile-undersized-upper\">\u00a0<\/span><\/p>\n<p><span class=\" mobile-undersized-upper\">\u00a0<\/span><\/p>\n<\/div>\n<\/div>\n<\/div>\n<\/div>\n<\/td>\n<\/tr>\n<\/tbody>\n<\/table>\n<p>&nbsp;<\/p>\n","protected":false},"excerpt":{"rendered":"<p>Nationalparkr\u00e5det under Nationalpark Vadehavet. Jeg er indvalgt i Nationalparkr\u00e5det via min post i Fiskeri -LAG Vestjylland. Indvalgt marts 2016. Nationalpark Vadehavet blev udpeget den 17. [&#8230;]<\/p>\n","protected":false},"author":1,"featured_media":0,"parent":0,"menu_order":0,"comment_status":"open","ping_status":"open","template":"","meta":{"footnotes":""},"class_list":["post-5387","page","type-page","status-publish","hentry"],"_links":{"self":[{"href":"https:\/\/www.olejacobsen.dk\/index.php\/wp-json\/wp\/v2\/pages\/5387","targetHints":{"allow":["GET"]}}],"collection":[{"href":"https:\/\/www.olejacobsen.dk\/index.php\/wp-json\/wp\/v2\/pages"}],"about":[{"href":"https:\/\/www.olejacobsen.dk\/index.php\/wp-json\/wp\/v2\/types\/page"}],"author":[{"embeddable":true,"href":"https:\/\/www.olejacobsen.dk\/index.php\/wp-json\/wp\/v2\/users\/1"}],"replies":[{"embeddable":true,"href":"https:\/\/www.olejacobsen.dk\/index.php\/wp-json\/wp\/v2\/comments?post=5387"}],"version-history":[{"count":5,"href":"https:\/\/www.olejacobsen.dk\/index.php\/wp-json\/wp\/v2\/pages\/5387\/revisions"}],"predecessor-version":[{"id":9761,"href":"https:\/\/www.olejacobsen.dk\/index.php\/wp-json\/wp\/v2\/pages\/5387\/revisions\/9761"}],"wp:attachment":[{"href":"https:\/\/www.olejacobsen.dk\/index.php\/wp-json\/wp\/v2\/media?parent=5387"}],"curies":[{"name":"wp","href":"https:\/\/api.w.org\/{rel}","templated":true}]}}