{"id":5378,"date":"2014-03-13T10:23:51","date_gmt":"2014-03-13T09:23:51","guid":{"rendered":"http:\/\/www.olejacobsen.dk\/?page_id=5378"},"modified":"2023-06-15T16:24:59","modified_gmt":"2023-06-15T14:24:59","slug":"5378-2","status":"publish","type":"page","link":"https:\/\/www.olejacobsen.dk\/index.php\/5378-2\/","title":{"rendered":"Find vej til Ole"},"content":{"rendered":"<table border=\"0\" width=\"90%\" align=\"center\">\n<tbody>\n<tr>\n<td align=\"center\"><span style=\"text-decoration: underline;\"><b>Her bor jeg<\/b><\/span><\/td>\n<\/tr>\n<tr>\n<td align=\"center\">K\u00f8revejledning: For at komme til stedet, hvor jeg bor, skal du f\u00f8rst k\u00f8re mod Esbjerg.<\/td>\n<\/tr>\n<tr>\n<td align=\"center\"><a href=\"https:\/\/www.olejacobsen.dk\/wp-content\/uploads\/2023\/06\/adresse1.jpg\"><img loading=\"lazy\" decoding=\"async\" class=\"alignnone size-full wp-image-11720\" src=\"https:\/\/www.olejacobsen.dk\/wp-content\/uploads\/2023\/06\/adresse1.jpg\" alt=\"\" width=\"519\" height=\"380\" srcset=\"https:\/\/www.olejacobsen.dk\/wp-content\/uploads\/2023\/06\/adresse1.jpg 519w, https:\/\/www.olejacobsen.dk\/wp-content\/uploads\/2023\/06\/adresse1-200x146.jpg 200w\" sizes=\"auto, (max-width: 519px) 100vw, 519px\" \/><\/a><\/td>\n<\/tr>\n<tr>\n<td>\n<p align=\"center\">\n<\/td>\n<\/tr>\n<\/tbody>\n<\/table>\n<table border=\"0\" width=\"90%\" align=\"center\">\n<tbody>\n<tr>\n<td align=\"center\">N\u00e5r du kommer til Esbjerg, skal du k\u00f8re mod Esbjerg vest mod S\u00e6dding og S\u00e6dding Ringvej.<\/td>\n<\/tr>\n<tr>\n<td align=\"center\"><a href=\"https:\/\/www.olejacobsen.dk\/wp-content\/uploads\/2023\/06\/adresse2.jpg\"><img loading=\"lazy\" decoding=\"async\" class=\"alignnone size-full wp-image-11721\" src=\"https:\/\/www.olejacobsen.dk\/wp-content\/uploads\/2023\/06\/adresse2.jpg\" alt=\"\" width=\"481\" height=\"405\" srcset=\"https:\/\/www.olejacobsen.dk\/wp-content\/uploads\/2023\/06\/adresse2.jpg 481w, https:\/\/www.olejacobsen.dk\/wp-content\/uploads\/2023\/06\/adresse2-200x168.jpg 200w\" sizes=\"auto, (max-width: 481px) 100vw, 481px\" \/><\/a><\/td>\n<\/tr>\n<tr>\n<td>\n<p align=\"center\">\n<\/td>\n<\/tr>\n<\/tbody>\n<\/table>\n<table border=\"0\" width=\"90%\" align=\"center\">\n<tbody>\n<tr>\n<td align=\"center\">Min adresse er: Sprog\u00f8vej 39, 6710 Esbjerg V<\/td>\n<\/tr>\n<tr>\n<td align=\"center\">Jeg bor ved et-tallet.<\/td>\n<\/tr>\n<tr>\n<td>\n<p align=\"center\">\n<map name=\"FPMap0\"><\/map>\n<\/p>\n<p><img loading=\"lazy\" decoding=\"async\" src=\"http:\/\/test.dkmink.com\/grafik\/oleborh2.gif\" alt=\"Her bor jeg, Sprog\u00f8vej 39\" usemap=\"#FPMap0\" width=\"500\" height=\"250\" border=\"0\" \/><\/td>\n<\/tr>\n<\/tbody>\n<\/table>\n","protected":false},"excerpt":{"rendered":"<p>Her bor jeg K\u00f8revejledning: For at komme til stedet, hvor jeg bor, skal du f\u00f8rst k\u00f8re mod Esbjerg. N\u00e5r du kommer til Esbjerg, skal du [&#8230;]<\/p>\n","protected":false},"author":1,"featured_media":0,"parent":0,"menu_order":0,"comment_status":"open","ping_status":"open","template":"","meta":{"footnotes":""},"class_list":["post-5378","page","type-page","status-publish","hentry"],"_links":{"self":[{"href":"https:\/\/www.olejacobsen.dk\/index.php\/wp-json\/wp\/v2\/pages\/5378","targetHints":{"allow":["GET"]}}],"collection":[{"href":"https:\/\/www.olejacobsen.dk\/index.php\/wp-json\/wp\/v2\/pages"}],"about":[{"href":"https:\/\/www.olejacobsen.dk\/index.php\/wp-json\/wp\/v2\/types\/page"}],"author":[{"embeddable":true,"href":"https:\/\/www.olejacobsen.dk\/index.php\/wp-json\/wp\/v2\/users\/1"}],"replies":[{"embeddable":true,"href":"https:\/\/www.olejacobsen.dk\/index.php\/wp-json\/wp\/v2\/comments?post=5378"}],"version-history":[{"count":3,"href":"https:\/\/www.olejacobsen.dk\/index.php\/wp-json\/wp\/v2\/pages\/5378\/revisions"}],"predecessor-version":[{"id":11722,"href":"https:\/\/www.olejacobsen.dk\/index.php\/wp-json\/wp\/v2\/pages\/5378\/revisions\/11722"}],"wp:attachment":[{"href":"https:\/\/www.olejacobsen.dk\/index.php\/wp-json\/wp\/v2\/media?parent=5378"}],"curies":[{"name":"wp","href":"https:\/\/api.w.org\/{rel}","templated":true}]}}